{"id":231,"date":"2024-02-13T13:52:58","date_gmt":"2024-02-13T12:52:58","guid":{"rendered":"https:\/\/www.fresnel.fr\/wp\/?page_id=231"},"modified":"2024-06-26T10:06:45","modified_gmt":"2024-06-26T08:06:45","slug":"ecole-centrale-marseille","status":"publish","type":"page","link":"https:\/\/www.fresnel.fr\/wp\/institut\/nos-tutelles\/ecole-centrale-marseille\/","title":{"rendered":"Centrale M\u00e9diterran\u00e9e"},"content":{"rendered":"<p><img loading=\"lazy\" decoding=\"async\" class=\"size-medium wp-image-876 alignleft\" src=\"https:\/\/www.fresnel.fr\/wp\/wp-content\/uploads\/2024\/05\/centralmed-logo-fresnel-300x137.gif\" alt=\"\" width=\"300\" height=\"137\" srcset=\"https:\/\/www.fresnel.fr\/wp\/wp-content\/uploads\/2024\/05\/centralmed-logo-fresnel-300x137.gif 300w, https:\/\/www.fresnel.fr\/wp\/wp-content\/uploads\/2024\/05\/centralmed-logo-fresnel-768x352.gif 768w, https:\/\/www.fresnel.fr\/wp\/wp-content\/uploads\/2024\/05\/centralmed-logo-fresnel-160x73.gif 160w, https:\/\/www.fresnel.fr\/wp\/wp-content\/uploads\/2024\/05\/centralmed-logo-fresnel-284x130.gif 284w\" sizes=\"auto, (max-width: 300px) 100vw, 300px\" \/>Cr\u00e9\u00e9e en 2003 puis baptis\u00e9e ainsi en 2006, l\u2019\u00c9cole Centrale Marseille est devenue Centrale M\u00e9diterran\u00e9e en 2022 avec l&#8217;ouverture de son second campus \u00e0 Nice. C&#8217;est la derni\u00e8re n\u00e9e du Groupe des \u00c9coles Centrales avec Paris, Lille, Lyon et Nantes. Elle r\u00e9sulte de la fusion de l\u2019ENSPM, de l\u2019ENSSPICAM, de l\u2019ESM2 et de l\u2019ESIM il y a une vingtaine d&#8217;ann\u00e9es. C\u2019est l\u2019une des 210 \u00e9coles d\u2019ing\u00e9nieurs fran\u00e7aises habilit\u00e9es \u00e0 d\u00e9livrer un dipl\u00f4me d\u2019ing\u00e9nieur. Elle est situ\u00e9e \u00e0 Marseille, au c\u0153ur du technop\u00f4le de Ch\u00e2teau-Gombert.<\/p>\n<p>7 unit\u00e9s mixtes de recherche d\u00e9veloppent des travaux au meilleur niveau national et international avec <a href=\"https:\/\/recherche.centrale-marseille.fr\/fr\" target=\"_blank\" rel=\"noopener\">l\u2019\u00c9cole Centrale M\u00e9diterran\u00e9e<\/a> en co-tutelle avec le CNRS et AMU.<\/p>\n<p>La recherche est au centre de la strat\u00e9gie de d\u00e9veloppement de l\u2019\u00e9cole et ces laboratoires participent \u00e0 la formation des \u00e9l\u00e8ves ing\u00e9nieurs\u00a0: ils les accueillent pour la r\u00e9alisation de projets, de stages ou en\u00a0<a href=\"https:\/\/recherche.centrale-marseille.fr\/fr\/page\/doctorat\" target=\"_blank\" rel=\"noopener\">th\u00e8se<\/a>.<br \/>\nL\u2019\u00e9cole b\u00e9n\u00e9ficie, avec l\u2019AMU de l\u2019habilitation partag\u00e9e \u00e0 d\u00e9livrer des Masters Recherche et de nombreux doctorants sont encadr\u00e9s par ses enseignants-chercheurs, dont une vingtaine travaillent \u00e0 l\u2019Institut Fresnel.<\/p>\n<p>Les \u00e9l\u00e8ves de l\u2019\u00e9cole suivent en parall\u00e8le de la 3\u00e8me ann\u00e9e une formation en Master Recherche pour laquelle, des accords d\u2019organisation ont \u00e9t\u00e9 conclus.<\/p>\n<p><strong>Liens utiles\u00a0:<\/strong><br \/>\n&#8211;\u00a0Master Sp\u00e9cialit\u00e9 &#8220;Optique et Photonique, Signal et Image&#8221; (OPSI).<br \/>\n&#8211;\u00a0Master &#8220;POESII-Europhotonics&#8221;, parcours international de Master entre Marseille, Barcelone et Karlsruhe.<\/p>\n","protected":false},"excerpt":{"rendered":"<p>Cr\u00e9\u00e9e en 2003 puis baptis\u00e9e ainsi en 2006, l\u2019\u00c9cole Centrale Marseille est devenue Centrale M\u00e9diterran\u00e9e [&hellip;]<\/p>\n","protected":false},"author":1,"featured_media":876,"parent":92,"menu_order":42,"comment_status":"closed","ping_status":"closed","template":"","meta":{"_acf_changed":false,"inline_featured_image":false,"_genesis_hide_title":false,"_genesis_hide_breadcrumbs":false,"_genesis_hide_singular_image":false,"_genesis_hide_footer_widgets":false,"_genesis_custom_body_class":"","_genesis_custom_post_class":"","_genesis_layout":"","footnotes":""},"class_list":{"0":"post-231","1":"page","2":"type-page","3":"status-publish","4":"has-post-thumbnail","6":"entry"},"acf":[],"lang":"fr","translations":{"fr":231,"en":1476},"pll_sync_post":[],"_links":{"self":[{"href":"https:\/\/www.fresnel.fr\/wp\/wp-json\/wp\/v2\/pages\/231","targetHints":{"allow":["GET"]}}],"collection":[{"href":"https:\/\/www.fresnel.fr\/wp\/wp-json\/wp\/v2\/pages"}],"about":[{"href":"https:\/\/www.fresnel.fr\/wp\/wp-json\/wp\/v2\/types\/page"}],"author":[{"embeddable":true,"href":"https:\/\/www.fresnel.fr\/wp\/wp-json\/wp\/v2\/users\/1"}],"replies":[{"embeddable":true,"href":"https:\/\/www.fresnel.fr\/wp\/wp-json\/wp\/v2\/comments?post=231"}],"version-history":[{"count":9,"href":"https:\/\/www.fresnel.fr\/wp\/wp-json\/wp\/v2\/pages\/231\/revisions"}],"predecessor-version":[{"id":1234,"href":"https:\/\/www.fresnel.fr\/wp\/wp-json\/wp\/v2\/pages\/231\/revisions\/1234"}],"up":[{"embeddable":true,"href":"https:\/\/www.fresnel.fr\/wp\/wp-json\/wp\/v2\/pages\/92"}],"wp:featuredmedia":[{"embeddable":true,"href":"https:\/\/www.fresnel.fr\/wp\/wp-json\/wp\/v2\/media\/876"}],"wp:attachment":[{"href":"https:\/\/www.fresnel.fr\/wp\/wp-json\/wp\/v2\/media?parent=231"}],"curies":[{"name":"wp","href":"https:\/\/api.w.org\/{rel}","templated":true}]}}