{"id":219,"date":"2024-02-13T13:49:03","date_gmt":"2024-02-13T12:49:03","guid":{"rendered":"https:\/\/www.fresnel.fr\/wp\/?page_id=219"},"modified":"2024-10-23T15:12:13","modified_gmt":"2024-10-23T13:12:13","slug":"phd-students-in-the-lab","status":"publish","type":"page","link":"https:\/\/www.fresnel.fr\/wp\/institut\/etudiants\/phd-students-in-the-lab\/","title":{"rendered":"PhD au Laboratoire"},"content":{"rendered":"<p>Le repr\u00e9sentant des doctorants au Conseil de Laboratoire est actuellement <strong><a href=\"isam.ben-soltane@fresnel.fr\">Isam Ben Soltane<\/a><\/strong><\/p>\n<p>De nombreux \u00e9v\u00e9nements internes f\u00e9d\u00e9rateurs sont pr\u00e9vus tout au long de l\u2019ann\u00e9e \u00e0 destination de tout le personnel de l\u2019Institut Fresnel et notamment des \u00e9tudiants\u00a0:<\/p>\n<p>&#8211; <strong>Journ\u00e9e des Nouveaux Entrants<\/strong> (Octobre &#8211; Novembre) &#8211; plus d\u2019infos sur l\u2019<a href=\"https:\/\/www.fresnel.fr\/spip-intra\/\" target=\"_blank\" rel=\"noopener\">Intranet<\/a><br \/>\n&#8211; <strong>F\u00eates de Fin d\u2019Ann\u00e9e<\/strong> (repas Xmas Santa et\/ou Galette des rois \/ Chandeleur) (D\u00e9cembre &#8211; Janvier)<br \/>\n&#8211; <strong><a href=\"https:\/\/www.fresnel.fr\/wp\/animation\/journees-des-doctorants\/\">Journ\u00e9es des Doctorants (JDD)<\/a>\u00a0<\/strong>(Mai &#8211; Juin)<br \/>\n&#8211; <strong>Barbecue d\u2019\u00e9t\u00e9<\/strong> (Juin &#8211; Juillet)<\/p>\n<p>&#8211; Des <strong>workshops et s\u00e9minaires<\/strong> ont \u00e9galement lieu plusieurs fois dans le mois au sein de notre unit\u00e9 de recherche. Vous trouverez\u00a0<a href=\"https:\/\/www.fresnel.fr\/wp\/animations-scientifiques\/?_sft_type-animation=workshops-et-seminaires\">ici la liste non-exhaustive<\/a>\u00a0et \u00e9galement dans la rubrique\u00a0<a href=\"https:\/\/www.fresnel.fr\/wp\/animations-scientifiques\/\">&#8220;Animation Scientifique&#8221;<\/a>, la liste de toutes les conf\u00e9rences internationales, \u00e9coles th\u00e9matiques et \u00e9v\u00e9nements grand public organis\u00e9s par notre laboratoire, ou auquel ce dernier participe.<\/p>\n<p>Un groupe d&#8217;\u00e9tudiants <a href=\"https:\/\/www.fresnel.fr\/wp\/institut\/etudiants\/memo-student-association\/\"><strong>MEMO Chapter Student<\/strong><\/a> organise \u00e9galement des \u00e9v\u00e9nements scientifiques (conf\u00e9rences, talks, concours photo&#8230;) avec le soutien d&#8217;OPTICA.<\/p>\n<p>Vous pouvez retrouvez sur notre\u00a0<a href=\"https:\/\/www.fresnel.fr\/spip-intra\/\" target=\"_blank\" rel=\"noopener\">INTRANET dans la rubrique RESSOURCES HUMAINES<\/a>, le guide des nouveaux entrants, mais \u00e9galement des informations pour vous aidez dans vos d\u00e9marches administratives au quotidien (Banque, Logement, S\u00e9curit\u00e9 Sociale, Imp\u00f4ts, VISA &#8211; Pr\u00e9fecture, Inscriptions ED&#8230;)<\/p>\n","protected":false},"excerpt":{"rendered":"<p>Le repr\u00e9sentant des doctorants au Conseil de Laboratoire est actuellement Isam Ben Soltane De nombreux [&hellip;]<\/p>\n","protected":false},"author":1,"featured_media":0,"parent":94,"menu_order":44,"comment_status":"closed","ping_status":"closed","template":"","meta":{"_acf_changed":false,"inline_featured_image":false,"_genesis_hide_title":false,"_genesis_hide_breadcrumbs":false,"_genesis_hide_singular_image":false,"_genesis_hide_footer_widgets":false,"_genesis_custom_body_class":"","_genesis_custom_post_class":"","_genesis_layout":"","footnotes":""},"class_list":{"0":"post-219","1":"page","2":"type-page","3":"status-publish","5":"entry"},"acf":[],"lang":"fr","translations":{"fr":219,"en":1479},"pll_sync_post":[],"_links":{"self":[{"href":"https:\/\/www.fresnel.fr\/wp\/wp-json\/wp\/v2\/pages\/219","targetHints":{"allow":["GET"]}}],"collection":[{"href":"https:\/\/www.fresnel.fr\/wp\/wp-json\/wp\/v2\/pages"}],"about":[{"href":"https:\/\/www.fresnel.fr\/wp\/wp-json\/wp\/v2\/types\/page"}],"author":[{"embeddable":true,"href":"https:\/\/www.fresnel.fr\/wp\/wp-json\/wp\/v2\/users\/1"}],"replies":[{"embeddable":true,"href":"https:\/\/www.fresnel.fr\/wp\/wp-json\/wp\/v2\/comments?post=219"}],"version-history":[{"count":11,"href":"https:\/\/www.fresnel.fr\/wp\/wp-json\/wp\/v2\/pages\/219\/revisions"}],"predecessor-version":[{"id":2624,"href":"https:\/\/www.fresnel.fr\/wp\/wp-json\/wp\/v2\/pages\/219\/revisions\/2624"}],"up":[{"embeddable":true,"href":"https:\/\/www.fresnel.fr\/wp\/wp-json\/wp\/v2\/pages\/94"}],"wp:attachment":[{"href":"https:\/\/www.fresnel.fr\/wp\/wp-json\/wp\/v2\/media?parent=219"}],"curies":[{"name":"wp","href":"https:\/\/api.w.org\/{rel}","templated":true}]}}