{"id":201,"date":"2024-02-12T16:16:53","date_gmt":"2024-02-12T15:16:53","guid":{"rendered":"https:\/\/www.fresnel.fr\/wp\/?page_id=201"},"modified":"2024-06-06T11:38:16","modified_gmt":"2024-06-06T09:38:16","slug":"teledetection","status":"publish","type":"page","link":"https:\/\/www.fresnel.fr\/wp\/recherche\/nos-thematiques\/information-et-photonique\/teledetection\/","title":{"rendered":"T\u00e9l\u00e9d\u00e9tection"},"content":{"rendered":"","protected":false},"excerpt":{"rendered":"","protected":false},"author":1,"featured_media":948,"parent":195,"menu_order":73,"comment_status":"closed","ping_status":"closed","template":"page-templates\/page-liste-articles-thematiques.php","meta":{"_acf_changed":false,"inline_featured_image":false,"_genesis_hide_title":false,"_genesis_hide_breadcrumbs":false,"_genesis_hide_singular_image":false,"_genesis_hide_footer_widgets":false,"_genesis_custom_body_class":"","_genesis_custom_post_class":"","_genesis_layout":"","footnotes":""},"class_list":{"0":"post-201","1":"page","2":"type-page","3":"status-publish","4":"has-post-thumbnail","6":"entry"},"acf":[],"lang":"fr","translations":{"fr":201,"en":2431},"pll_sync_post":[],"_links":{"self":[{"href":"https:\/\/www.fresnel.fr\/wp\/wp-json\/wp\/v2\/pages\/201","targetHints":{"allow":["GET"]}}],"collection":[{"href":"https:\/\/www.fresnel.fr\/wp\/wp-json\/wp\/v2\/pages"}],"about":[{"href":"https:\/\/www.fresnel.fr\/wp\/wp-json\/wp\/v2\/types\/page"}],"author":[{"embeddable":true,"href":"https:\/\/www.fresnel.fr\/wp\/wp-json\/wp\/v2\/users\/1"}],"replies":[{"embeddable":true,"href":"https:\/\/www.fresnel.fr\/wp\/wp-json\/wp\/v2\/comments?post=201"}],"version-history":[{"count":2,"href":"https:\/\/www.fresnel.fr\/wp\/wp-json\/wp\/v2\/pages\/201\/revisions"}],"predecessor-version":[{"id":209,"href":"https:\/\/www.fresnel.fr\/wp\/wp-json\/wp\/v2\/pages\/201\/revisions\/209"}],"up":[{"embeddable":true,"href":"https:\/\/www.fresnel.fr\/wp\/wp-json\/wp\/v2\/pages\/195"}],"wp:featuredmedia":[{"embeddable":true,"href":"https:\/\/www.fresnel.fr\/wp\/wp-json\/wp\/v2\/media\/948"}],"wp:attachment":[{"href":"https:\/\/www.fresnel.fr\/wp\/wp-json\/wp\/v2\/media?parent=201"}],"curies":[{"name":"wp","href":"https:\/\/api.w.org\/{rel}","templated":true}]}}